{"id":1582,"date":"2024-06-27T15:47:15","date_gmt":"2024-06-27T13:47:15","guid":{"rendered":"https:\/\/huevosrodriguez.es\/?page_id=1582"},"modified":"2024-06-27T15:50:06","modified_gmt":"2024-06-27T13:50:06","slug":"legal-notice","status":"publish","type":"page","link":"https:\/\/huevosrodriguez.es\/en\/legal-notice\/","title":{"rendered":"Legal Notice"},"content":{"rendered":"<p><span style=\"font-weight: 400;\">This LEGAL NOTICE governs the rights and obligations of the <\/span><a href=\"https:\/\/huevosrodriguez.es\/en\"><span style=\"font-weight: 400;\">https:\/\/huevosrodriguez.es\/<\/span><\/a><span style=\"font-weight: 400;\"> and users, in relation to access, browsing and use of this website, without prejudice to the fact that huevosrodriguez.es reserves the right to modify, without prior notice, its content, with those published at the time of browsing remaining in force.<\/span><span style=\"font-weight: 400;\"><br \/>\n<\/span><span style=\"font-weight: 400;\">By browsing, viewing and using this website you acquire the status of user, and therefore implies your express acceptance of all the clauses indicated in this Legal Notice, as well as the other warnings or specific clauses that are established in the different sections for the contracting, use of services, products, registrations, or sections of the Page.<\/span><span style=\"font-weight: 400;\"><br \/>\n<\/span><span style=\"font-weight: 400;\">Therefore, if you do not accept the clauses set out in this Legal Notice, you must refrain from accessing and\/or using the services and\/or contents made available to you on the Site, and you must leave the Site.<\/span><span style=\"font-weight: 400;\"><br \/>\n<\/span><span style=\"font-weight: 400;\">huevosrodriguez.es may terminate, suspend or interrupt, at any time without prior notice, access to the contents of the site, without the User being able to claim any compensation whatsoever. However, in the event of closure of the platform, an attempt will be made to refund any payments that have been made for annual subscriptions that have not been completed.<\/span><\/p>\n<p><span style=\"font-weight: 400;\"><br \/>\n<\/span><b>Personal and fiscal information of the person responsible for the website.<\/b><\/p>\n<p><span style=\"font-weight: 400;\">Company: Juan Pablo Rodriguez<\/span><\/p>\n<p><span style=\"font-weight: 400;\">VAT NO: 04171669K<\/span><\/p>\n<p><span style=\"font-weight: 400;\">Trade name: Huevos Rodr\u00edguez<\/span><\/p>\n<p><span style=\"font-weight: 400;\">Address: C. Juan Puebla, 6, 45519 Nov\u00e9s, Toledo<\/span><\/p>\n<p><span style=\"font-weight: 400;\">Telephone: 665664948<\/span><\/p>\n<p><span style=\"font-weight: 400;\">E-mail: huevosrodriguez@hotmail.com<\/span><\/p>\n<p><span style=\"font-weight: 400;\">Website name: https:\/\/huevosrodriguez.es\/<\/span><\/p>\n<p>&nbsp;<\/p>\n<p><b>Form of income:<\/b><span style=\"font-weight: 400;\"><br \/>\n<\/span><span style=\"font-weight: 400;\">The **huevosrodriguez.es** website is a corporate website that does not generate revenue online.<\/span><b>Services:<\/b><\/p>\n<ul>\n<li style=\"font-weight: 400;\" aria-level=\"1\"><span style=\"font-weight: 400;\">Distribution of eggs to businesses<\/span><\/li>\n<li style=\"font-weight: 400;\" aria-level=\"1\"><span style=\"font-weight: 400;\">Sale of eggs<\/span><\/li>\n<\/ul>\n<h2><span style=\"font-weight: 400;\">Terms of use<\/span><\/h2>\n<p><span style=\"font-weight: 400;\">If you browse this website you tacitly accept the terms of use and privacy terms, as well as declaring that you have read the legal notice.<\/span><span style=\"font-weight: 400;\"><br \/>\n<\/span><span style=\"font-weight: 400;\">Neither this website nor its legal representatives are responsible for the content or the veracity of the privacy policies that third party services outside this website may have.<\/span><span style=\"font-weight: 400;\"><br \/>\n<\/span><span style=\"font-weight: 400;\">The copying or transcription of all or part of any text on this website for any use is expressly prohibited. The texts on this website are meant to be read only, please refrain from using them for any other purpose.<\/span><span style=\"font-weight: 400;\"><br \/>\n<\/span><span style=\"font-weight: 400;\">Copying or downloading of images from this website is expressly prohibited.<\/span><span style=\"font-weight: 400;\"><br \/>\n<\/span><span style=\"font-weight: 400;\">Hotlinking of images from this website is not permitted.<\/span><span style=\"font-weight: 400;\"><br \/>\n<\/span><span style=\"font-weight: 400;\">It is permitted to copy and use the HTML structures and CSS styles used in this website, as long as it is only partially and never the whole of the format, generating a website identical to this one.<\/span><span style=\"font-weight: 400;\"><br \/>\n<\/span><span style=\"font-weight: 400;\">In the event of non-compliance with these conditions, we may be obliged to take appropriate legal action.<\/span><\/p>","protected":false},"excerpt":{"rendered":"<p>El presente AVISO LEGAL regula los derechos y obligaciones del https:\/\/huevosrodriguez.es\/ y de los usuarios, en relaci\u00f3n al acceso, navegaci\u00f3n y utilizaci\u00f3n de la presente web sin perjuicio de que huevosrodriguez.es se reserve el derecho a modificar, sin previo aviso, su contenido, siendo vigentes las que se encuentren publicadas en el momento de navegaci\u00f3n. Mediante [&hellip;]<\/p>","protected":false},"author":1,"featured_media":0,"parent":0,"menu_order":0,"comment_status":"closed","ping_status":"closed","template":"","meta":{"site-sidebar-layout":"default","site-content-layout":"","ast-site-content-layout":"default","site-content-style":"default","site-sidebar-style":"default","ast-global-header-display":"","ast-banner-title-visibility":"","ast-main-header-display":"","ast-hfb-above-header-display":"","ast-hfb-below-header-display":"","ast-hfb-mobile-header-display":"","site-post-title":"","ast-breadcrumbs-content":"","ast-featured-img":"","footer-sml-layout":"","theme-transparent-header-meta":"default","adv-header-id-meta":"","stick-header-meta":"","header-above-stick-meta":"","header-main-stick-meta":"","header-below-stick-meta":"","astra-migrate-meta-layouts":"set","ast-page-background-enabled":"default","ast-page-background-meta":{"desktop":{"background-color":"","background-image":"","background-repeat":"repeat","background-position":"center center","background-size":"auto","background-attachment":"scroll","background-type":"","background-media":"","overlay-type":"","overlay-color":"","overlay-opacity":"","overlay-gradient":""},"tablet":{"background-color":"","background-image":"","background-repeat":"repeat","background-position":"center center","background-size":"auto","background-attachment":"scroll","background-type":"","background-media":"","overlay-type":"","overlay-color":"","overlay-opacity":"","overlay-gradient":""},"mobile":{"background-color":"","background-image":"","background-repeat":"repeat","background-position":"center center","background-size":"auto","background-attachment":"scroll","background-type":"","background-media":"","overlay-type":"","overlay-color":"","overlay-opacity":"","overlay-gradient":""}},"ast-content-background-meta":{"desktop":{"background-color":"var(--ast-global-color-5)","background-image":"","background-repeat":"repeat","background-position":"center center","background-size":"auto","background-attachment":"scroll","background-type":"","background-media":"","overlay-type":"","overlay-color":"","overlay-opacity":"","overlay-gradient":""},"tablet":{"background-color":"var(--ast-global-color-5)","background-image":"","background-repeat":"repeat","background-position":"center center","background-size":"auto","background-attachment":"scroll","background-type":"","background-media":"","overlay-type":"","overlay-color":"","overlay-opacity":"","overlay-gradient":""},"mobile":{"background-color":"var(--ast-global-color-5)","background-image":"","background-repeat":"repeat","background-position":"center center","background-size":"auto","background-attachment":"scroll","background-type":"","background-media":"","overlay-type":"","overlay-color":"","overlay-opacity":"","overlay-gradient":""}},"footnotes":""},"class_list":["post-1582","page","type-page","status-publish","hentry"],"_links":{"self":[{"href":"https:\/\/huevosrodriguez.es\/en\/wp-json\/wp\/v2\/pages\/1582","targetHints":{"allow":["GET"]}}],"collection":[{"href":"https:\/\/huevosrodriguez.es\/en\/wp-json\/wp\/v2\/pages"}],"about":[{"href":"https:\/\/huevosrodriguez.es\/en\/wp-json\/wp\/v2\/types\/page"}],"author":[{"embeddable":true,"href":"https:\/\/huevosrodriguez.es\/en\/wp-json\/wp\/v2\/users\/1"}],"replies":[{"embeddable":true,"href":"https:\/\/huevosrodriguez.es\/en\/wp-json\/wp\/v2\/comments?post=1582"}],"version-history":[{"count":0,"href":"https:\/\/huevosrodriguez.es\/en\/wp-json\/wp\/v2\/pages\/1582\/revisions"}],"wp:attachment":[{"href":"https:\/\/huevosrodriguez.es\/en\/wp-json\/wp\/v2\/media?parent=1582"}],"curies":[{"name":"wp","href":"https:\/\/api.w.org\/{rel}","templated":true}]}}